{"id":770,"date":"2024-12-22T13:54:17","date_gmt":"2024-12-22T12:54:17","guid":{"rendered":"https:\/\/cultart.ch\/cultart\/?page_id=770"},"modified":"2024-12-27T08:32:15","modified_gmt":"2024-12-27T07:32:15","slug":"dienstleistungen","status":"publish","type":"page","link":"https:\/\/cultart.ch\/cultart\/dienstleistungen\/","title":{"rendered":"Dienstleistungen"},"content":{"rendered":"\n<div class=\"wp-block-uagb-container uagb-block-97a294da alignfull uagb-is-root-container\"><div class=\"uagb-container-inner-blocks-wrap\">\n<div class=\"wp-block-uagb-advanced-heading uagb-block-c84f259b\"><h1 class=\"uagb-heading-text\">Dienstleistungen<\/h1><\/div>\n\n\n\n<p>Bedarfsgerechte Dienstleistungen. Von Beratung, Projektmanagement, Softwareentwicklung bis hin zu Unterst\u00fctzung im near- und offshore Bereich.<\/p>\n\n\n\n<div class=\"wp-block-group alignfull is-content-justification-left is-layout-constrained wp-container-core-group-is-layout-12dd3699 wp-block-group-is-layout-constrained\">\n<div class=\"wp-block-uagb-advanced-heading uagb-block-3b9ec034\"><h2 class=\"uagb-heading-text\">Unterst\u00fctzung f\u00fcr Kulturelle Institutionen<\/h2><\/div>\n\n\n\n<p>Sie wollen Ihre Sammlungen, Objekte oder Fotos standardkonform inventarisieren und ben\u00f6tigen daf\u00fcr Beratung und\/oder Software? Kommen Sie bitte auf uns zu, wir haben eine \u00fcber 30j\u00e4hrige Erfahrung in diesen Bereichen.<\/p>\n<\/div>\n\n\n\n<div class=\"wp-block-group alignfull is-content-justification-left is-layout-constrained wp-container-core-group-is-layout-12dd3699 wp-block-group-is-layout-constrained\">\n<div class=\"wp-block-uagb-advanced-heading uagb-block-77c285ae\"><h2 class=\"uagb-heading-text\">IT Beratung und Projektmanagement<\/h2><\/div>\n\n\n\n<p>Ben\u00f6tigen Sie im IT-Bereich Beratungen, Projektmanagement, Installationsunterst\u00fctzung oder Schulung (gem. CultArt Portfolio)? Auch daf\u00fcr stehen wir Ihnen sehr gerne zur Verf\u00fcgung. Profitieren Sie von unseren langj\u00e4hrigen, praxisbezogenen Erfahrungen.<\/p>\n<\/div>\n\n\n\n<div class=\"wp-block-group alignfull is-content-justification-left is-layout-constrained wp-container-core-group-is-layout-12dd3699 wp-block-group-is-layout-constrained\">\n<div class=\"wp-block-uagb-advanced-heading uagb-block-9dfa32d3\"><h2 class=\"uagb-heading-text\">Individualsoftware<\/h2><\/div>\n\n\n\n<p>Ben\u00f6tigen Sie eine spezielle Desktop- oder Webapplikation, eine Schnittstelle, einen neuen Internetauftritt oder sollen bestehende Applikationen, Schnittstellen oder Webseiten angepasst werden? M\u00f6chten Sie sich danach um keine operationellen Aspekte k\u00fcmmern und Wartung\/Support uns \u00fcberlassen? All das ist kein Problem, wir stehen Ihnen gerne daf\u00fcr zur Verf\u00fcgung.<br><br>Wir entwickeln f\u00fcr Sie auf Ihre Bed\u00fcrfnisse massgeschneiderte Software zu g\u00fcnstigen Konditionen.<br>F\u00fcr das Hosting steht eine Infrastruktur in der Schweiz zur Verf\u00fcgung.<\/p>\n<\/div>\n\n\n\n<div class=\"wp-block-group alignfull is-content-justification-left is-layout-constrained wp-container-core-group-is-layout-12dd3699 wp-block-group-is-layout-constrained\">\n<div class=\"wp-block-uagb-advanced-heading uagb-block-420ed337\"><h2 class=\"uagb-heading-text\">Near-Offshore-Projekte im IT-Bereich<\/h2><\/div>\n\n\n\n<p>Die Durchf\u00fchrung von Projekten mit near-\/offshore Unternehmen kann ganz sch\u00f6n aufw\u00e4ndig werden, vielleicht mehr, als man sich urspr\u00fcnglich gedacht hat. Pl\u00f6tzlich kann auch das Budget gef\u00e4hrdet sein und der Projektplan l\u00e4uft aus dem Ruder.<br>Wir haben sowohl im near- als auch im offshore Bereich viel Erfahrung gesammelt und unterst\u00fctzen Sie deshalb gerne bei derartigen Projekten. Wir \u00fcbernehmen f\u00fcr Sie nicht nur das Projektmanagement, sondern begleiten Ihr Projekt von Anfang an bis zum erfolgreichen Abschluss und bei Bedarf inkl. Nachbetreuung mit Wartung und Support.<\/p>\n<\/div>\n\n\n\n<div id=\"kundenauszug\" class=\"wp-block-uagb-container uagb-block-c52a9440\">\n<div class=\"wp-block-uagb-advanced-heading uagb-block-2d5ae8c9\" id=\"highlight_text\"><h3 class=\"uagb-heading-text\">Ein Auszug aus unserer Kundenliste<\/h3><\/div>\n\n\n\n<div class=\"wp-block-uagb-icon-list uagb-block-396e623d\"><div class=\"uagb-icon-list__wrap\">\n<div class=\"wp-block-uagb-icon-list-child uagb-block-c8598961 list_icon\"><a target=\"_blank\" aria-label=\"CultArt\" rel=\"noopener noreferrer\" href=\"https:\/\/cultart.ch\/cultart\/\"> <\/a><span class=\"uagb-icon-list__source-wrap\"><img decoding=\"async\" class=\"uagb-icon-list__source-image\" src=\"https:\/\/cultart.ch\/cultart\/wp-content\/uploads\/2020\/12\/CultArtlogo.png\" width=\"35\" height=\"10\" loading=\"lazy\" alt=\"\"\/><\/span><span class=\"uagb-icon-list__label\">CultArt<\/span><\/div>\n\n\n\n<div class=\"wp-block-uagb-icon-list-child uagb-block-3c6d7bb0 list_icon\"><a target=\"_blank\" aria-label=\"Gallery Vian\" rel=\"noopener noreferrer\" href=\"https:\/\/gallery-vian.art\/\"> <\/a><span class=\"uagb-icon-list__source-wrap\"><img decoding=\"async\" class=\"uagb-icon-list__source-image\" src=\"https:\/\/cultart.ch\/cultart\/wp-content\/uploads\/2024\/12\/Bavaria.png\" width=\"35\" height=\"48\" loading=\"lazy\" alt=\"\"\/><\/span><span class=\"uagb-icon-list__label\">Gallery Vian<\/span><\/div>\n\n\n\n<div class=\"wp-block-uagb-icon-list-child uagb-block-d082a9be list_icon\"><a target=\"_blank\" aria-label=\"Kulturhistorisches Museum Grenchen\" rel=\"noopener noreferrer\" href=\"http:\/\/www.cultart.biz\/khmg\/bk_start.php\"> <\/a><span class=\"uagb-icon-list__source-wrap\"><img decoding=\"async\" class=\"uagb-icon-list__source-image\" src=\"https:\/\/cultart.ch\/cultart\/wp-content\/uploads\/2018\/08\/image005.png\" width=\"35\" height=\"44\" loading=\"lazy\" alt=\"\"\/><\/span><span class=\"uagb-icon-list__label\">Kulturhistorisches Museum Grenchen<\/span><\/div>\n\n\n\n<div class=\"wp-block-uagb-icon-list-child uagb-block-046be12b list_icon\"><a target=\"_blank\" aria-label=\"Verein f\u00fcr Kultur und Kunst\" rel=\"noopener noreferrer\" href=\"https:\/\/vereinkulturkunst.ch\"> <\/a><span class=\"uagb-icon-list__source-wrap\"><img decoding=\"async\" class=\"uagb-icon-list__source-image\" src=\"https:\/\/cultart.ch\/cultart\/wp-content\/uploads\/2024\/12\/VKK.png\" width=\"35\" height=\"35\" loading=\"lazy\" alt=\"\"\/><\/span><span class=\"uagb-icon-list__label\">Verein f\u00fcr Kultur und Kunst<\/span><\/div>\n<\/div><\/div>\n<\/div>\n<\/div><\/div>\n","protected":false},"excerpt":{"rendered":"<p>Dienstleistungen Bedarfsgerechte Dienstleistungen. Von Beratung, Projektmanagement, Softwareentwicklung bis hin zu Unterst\u00fctzung im near- und offshore Bereich. Unterst\u00fctzung f\u00fcr Kulturelle Institutionen [&hellip;]<\/p>\n","protected":false},"author":3,"featured_media":0,"parent":0,"menu_order":0,"comment_status":"closed","ping_status":"closed","template":"","meta":{"_uag_custom_page_level_css":"","site-sidebar-layout":"default","site-content-layout":"","ast-site-content-layout":"default","site-content-style":"default","site-sidebar-style":"default","ast-global-header-display":"","ast-banner-title-visibility":"","ast-main-header-display":"","ast-hfb-above-header-display":"","ast-hfb-below-header-display":"","ast-hfb-mobile-header-display":"","site-post-title":"","ast-breadcrumbs-content":"","ast-featured-img":"","footer-sml-layout":"","theme-transparent-header-meta":"","adv-header-id-meta":"","stick-header-meta":"","header-above-stick-meta":"","header-main-stick-meta":"","header-below-stick-meta":"","astra-migrate-meta-layouts":"default","ast-page-background-enabled":"default","ast-page-background-meta":{"desktop":{"background-color":"var(--ast-global-color-4)","background-image":"","background-repeat":"repeat","background-position":"center center","background-size":"auto","background-attachment":"scroll","background-type":"","background-media":"","overlay-type":"","overlay-color":"","overlay-opacity":"","overlay-gradient":""},"tablet":{"background-color":"","background-image":"","background-repeat":"repeat","background-position":"center center","background-size":"auto","background-attachment":"scroll","background-type":"","background-media":"","overlay-type":"","overlay-color":"","overlay-opacity":"","overlay-gradient":""},"mobile":{"background-color":"","background-image":"","background-repeat":"repeat","background-position":"center center","background-size":"auto","background-attachment":"scroll","background-type":"","background-media":"","overlay-type":"","overlay-color":"","overlay-opacity":"","overlay-gradient":""}},"ast-content-background-meta":{"desktop":{"background-color":"var(--ast-global-color-5)","background-image":"","background-repeat":"repeat","background-position":"center center","background-size":"auto","background-attachment":"scroll","background-type":"","background-media":"","overlay-type":"","overlay-color":"","overlay-opacity":"","overlay-gradient":""},"tablet":{"background-color":"var(--ast-global-color-5)","background-image":"","background-repeat":"repeat","background-position":"center center","background-size":"auto","background-attachment":"scroll","background-type":"","background-media":"","overlay-type":"","overlay-color":"","overlay-opacity":"","overlay-gradient":""},"mobile":{"background-color":"var(--ast-global-color-5)","background-image":"","background-repeat":"repeat","background-position":"center center","background-size":"auto","background-attachment":"scroll","background-type":"","background-media":"","overlay-type":"","overlay-color":"","overlay-opacity":"","overlay-gradient":""}},"footnotes":""},"class_list":["post-770","page","type-page","status-publish","hentry"],"uagb_featured_image_src":{"full":false,"thumbnail":false,"medium":false,"medium_large":false,"large":false,"1536x1536":false,"2048x2048":false},"uagb_author_info":{"display_name":"Fi Dunnington","author_link":"https:\/\/cultart.ch\/cultart\/author\/fi\/"},"uagb_comment_info":0,"uagb_excerpt":"Dienstleistungen Bedarfsgerechte Dienstleistungen. Von Beratung, Projektmanagement, Softwareentwicklung bis hin zu Unterst\u00fctzung im near- und offshore Bereich. Unterst\u00fctzung f\u00fcr Kulturelle Institutionen [&hellip;]","_links":{"self":[{"href":"https:\/\/cultart.ch\/cultart\/wp-json\/wp\/v2\/pages\/770","targetHints":{"allow":["GET"]}}],"collection":[{"href":"https:\/\/cultart.ch\/cultart\/wp-json\/wp\/v2\/pages"}],"about":[{"href":"https:\/\/cultart.ch\/cultart\/wp-json\/wp\/v2\/types\/page"}],"author":[{"embeddable":true,"href":"https:\/\/cultart.ch\/cultart\/wp-json\/wp\/v2\/users\/3"}],"replies":[{"embeddable":true,"href":"https:\/\/cultart.ch\/cultart\/wp-json\/wp\/v2\/comments?post=770"}],"version-history":[{"count":11,"href":"https:\/\/cultart.ch\/cultart\/wp-json\/wp\/v2\/pages\/770\/revisions"}],"predecessor-version":[{"id":1383,"href":"https:\/\/cultart.ch\/cultart\/wp-json\/wp\/v2\/pages\/770\/revisions\/1383"}],"wp:attachment":[{"href":"https:\/\/cultart.ch\/cultart\/wp-json\/wp\/v2\/media?parent=770"}],"curies":[{"name":"wp","href":"https:\/\/api.w.org\/{rel}","templated":true}]}}