{"id":759,"date":"2024-12-22T13:44:58","date_gmt":"2024-12-22T12:44:58","guid":{"rendered":"https:\/\/cultart.ch\/cultart\/?page_id=759"},"modified":"2025-01-31T15:52:51","modified_gmt":"2025-01-31T14:52:51","slug":"pfadfinderchroniken","status":"publish","type":"page","link":"https:\/\/cultart.ch\/cultart\/software-loesungen\/pfadfinderchroniken\/","title":{"rendered":"Pfadfinderchroniken"},"content":{"rendered":"\n<div id=\"beschreibungen\" class=\"wp-block-uagb-container uagb-block-4c98ca18 alignfull uagb-is-root-container\"><div class=\"uagb-container-inner-blocks-wrap\">\n<div class=\"wp-block-group is-content-justification-left is-layout-constrained wp-container-core-group-is-layout-12dd3699 wp-block-group-is-layout-constrained\">\n<p class=\"highlight_text\">&#8211; Software-L\u00f6sungen<\/p>\n\n\n\n<div class=\"wp-block-uagb-advanced-heading uagb-block-c84f259b\"><h1 class=\"uagb-heading-text\">Chronik-Applikation f\u00fcr Pfadfinderabteilungen<\/h1><\/div>\n<\/div>\n\n\n\n<p>Moderne Chronik-L\u00f6sung f\u00fcr die Verwaltung von Pfadi-Abteilungen und deren Mitglieder.<\/p>\n<\/div><\/div>\n\n\n\n<div data-aos= \"fade-left\" data-aos-duration=\"400\" data-aos-delay=\"0\" data-aos-easing=\"ease\" data-aos-once=\"true\" class=\"wp-block-uagb-container uagb-block-11904af6 alignfull uagb-is-root-container\"><div class=\"uagb-container-inner-blocks-wrap\">\n<div class=\"wp-block-uagb-container inactive_infobox uagb-block-28fa875b\">\n<div class=\"wp-block-uagb-info-box uagb-block-2591e48e uagb-infobox__content-wrap  uagb-infobox-icon-above-title uagb-infobox-image-valign-top inactive_infobox\"><div class=\"uagb-ifb-content\"><div class=\"uagb-ifb-icon-wrap\"><svg xmlns=\"https:\/\/www.w3.org\/2000\/svg\" viewBox=\"0 0 576 512\"><path d=\"M384 476.1L192 421.2V35.93L384 90.79V476.1zM416 88.37L543.1 37.53C558.9 31.23 576 42.84 576 59.82V394.6C576 404.4 570 413.2 560.9 416.9L416 474.8V88.37zM15.09 95.13L160 37.17V423.6L32.91 474.5C17.15 480.8 0 469.2 0 452.2V117.4C0 107.6 5.975 98.78 15.09 95.13V95.13z\"><\/path><\/svg><\/div><div class=\"uagb-ifb-title-wrap\"><h3 class=\"uagb-ifb-title\"><a href=\"https:\/\/cultart.ch\/cultart\/software-loesungen\/geschichtskartenapplikation\/\" data-type=\"page\" data-id=\"748\">Geschichtskartenapplikation<\/a><\/h3><\/div><\/div><\/div>\n<\/div>\n\n\n\n<div class=\"wp-block-uagb-container uagb-block-0dd4c050\">\n<div class=\"wp-block-uagb-info-box uagb-block-6b0c00da uagb-infobox__content-wrap  uagb-infobox-icon-above-title uagb-infobox-image-valign-top inactive_infobox\"><div class=\"uagb-ifb-content\"><div class=\"uagb-ifb-icon-wrap\"><svg xmlns=\"https:\/\/www.w3.org\/2000\/svg\" viewBox=\"0 0 576 512\"><path d=\"M144.3 32.04C106.9 31.29 63.7 41.44 18.6 61.29c-11.42 5.026-18.6 16.67-18.6 29.15l0 357.6c0 11.55 11.99 19.55 22.45 14.65c126.3-59.14 219.8 11 223.8 14.01C249.1 478.9 252.5 480 256 480c12.4 0 16-11.38 16-15.98V80.04c0-5.203-2.531-10.08-6.781-13.08C263.3 65.58 216.7 33.35 144.3 32.04zM557.4 61.29c-45.11-19.79-88.48-29.61-125.7-29.26c-72.44 1.312-118.1 33.55-120.9 34.92C306.5 69.96 304 74.83 304 80.04v383.1C304 468.4 307.5 480 320 480c3.484 0 6.938-1.125 9.781-3.328c3.925-3.018 97.44-73.16 223.8-14c10.46 4.896 22.45-3.105 22.45-14.65l.0001-357.6C575.1 77.97 568.8 66.31 557.4 61.29z\"><\/path><\/svg><\/div><div class=\"uagb-ifb-title-wrap\"><h3 class=\"uagb-ifb-title\"><a href=\"https:\/\/cultart.ch\/cultart\/software-loesungen\/inventory\/\" data-type=\"page\" data-id=\"763\">Inventory<\/a><\/h3><\/div><\/div><\/div>\n<\/div>\n\n\n\n<div class=\"wp-block-uagb-container uagb-block-f100f284\">\n<div class=\"wp-block-uagb-info-box uagb-block-fcca9488 uagb-infobox__content-wrap  uagb-infobox-icon-above-title uagb-infobox-image-valign-top\"><div class=\"uagb-ifb-content\"><div class=\"uagb-ifb-icon-wrap\"><svg xmlns=\"https:\/\/www.w3.org\/2000\/svg\" viewBox=\"0 0 640 512\"><path d=\"M184 88C184 118.9 158.9 144 128 144C97.07 144 72 118.9 72 88C72 57.07 97.07 32 128 32C158.9 32 184 57.07 184 88zM208.4 196.3C178.7 222.7 160 261.2 160 304C160 338.3 171.1 369.8 192 394.5V416C192 433.7 177.7 448 160 448H96C78.33 448 64 433.7 64 416V389.2C26.16 371.2 0 332.7 0 288C0 226.1 50.14 176 112 176H144C167.1 176 190.2 183.5 208.4 196.3V196.3zM64 245.7C54.04 256.9 48 271.8 48 288C48 304.2 54.04 319.1 64 330.3V245.7zM448 416V394.5C468 369.8 480 338.3 480 304C480 261.2 461.3 222.7 431.6 196.3C449.8 183.5 472 176 496 176H528C589.9 176 640 226.1 640 288C640 332.7 613.8 371.2 576 389.2V416C576 433.7 561.7 448 544 448H480C462.3 448 448 433.7 448 416zM576 330.3C585.1 319.1 592 304.2 592 288C592 271.8 585.1 256.9 576 245.7V330.3zM568 88C568 118.9 542.9 144 512 144C481.1 144 456 118.9 456 88C456 57.07 481.1 32 512 32C542.9 32 568 57.07 568 88zM256 96C256 60.65 284.7 32 320 32C355.3 32 384 60.65 384 96C384 131.3 355.3 160 320 160C284.7 160 256 131.3 256 96zM448 304C448 348.7 421.8 387.2 384 405.2V448C384 465.7 369.7 480 352 480H288C270.3 480 256 465.7 256 448V405.2C218.2 387.2 192 348.7 192 304C192 242.1 242.1 192 304 192H336C397.9 192 448 242.1 448 304zM256 346.3V261.7C246 272.9 240 287.8 240 304C240 320.2 246 335.1 256 346.3zM384 261.7V346.3C393.1 335 400 320.2 400 304C400 287.8 393.1 272.9 384 261.7z\"><\/path><\/svg><\/div><div class=\"uagb-ifb-title-wrap\"><h3 class=\"uagb-ifb-title\">Pfadfinderchroniken<\/h3><\/div><\/div><\/div>\n<\/div>\n<\/div><\/div>\n\n\n\n<div class=\"wp-block-uagb-container uagb-block-97a294da alignfull uagb-is-root-container\"><div class=\"uagb-container-inner-blocks-wrap\">\n<p>Diese mandatenf\u00e4hige Chronik-L\u00f6sung wurde speziell f\u00fcr Pfadfinder-Abteilungen erstellt. Es k\u00f6nnen alle wichtigen Informationen zu einzelnen Pfadi-Mitgliedern und deren \u00abGeschichten\u00bb, Funktionsstufen, Lager, Veranstaltungen und Pfadiheimen gespeichert werden. Das zus\u00e4tzliche Speichern von Fotos und anderen Dateien (z.B. PDF, kleine Videos, etc.) ist ebenfalls Bestandteil dieser modernen Software-L\u00f6sung.<br>\u00a0<br>Ein MUSS f\u00fcr alle Pfadiabteilungen, die ihre wertvollen Chroniken, Ihr Wissen zu ihrer Abteilung und die Fotos bewahren wollen. Die Applikation bietet auch Schnittstellen zu nationalen Pfadfinder-Stammdaten an und ist auch auf Handys und anderen Ger\u00e4ten lauff\u00e4hig.<br>\u00a0<br>Ein Beispiel finden Sie hier: <a href=\"https:\/\/cultart-scout.ch\/view\/entry.php\" target=\"_blank\" rel=\"noreferrer noopener\">Pfadfinder Chroniken<\/a>.<\/p>\n<\/div><\/div>\n\n\n\n<div id=\"kundenauszug\" class=\"wp-block-uagb-container uagb-block-75df0801 alignfull uagb-is-root-container\"><div class=\"uagb-container-inner-blocks-wrap\">\n<div class=\"wp-block-uagb-advanced-heading uagb-block-32234538\" id=\"highlight_text\"><h3 class=\"uagb-heading-text\">Ein Auszug aus unserer Kundenliste<\/h3><\/div>\n\n\n\n<div class=\"wp-block-uagb-icon-list uagb-block-650eeb42\"><div class=\"uagb-icon-list__wrap\">\n<div class=\"wp-block-uagb-icon-list-child uagb-block-a7dda247 list_icon\"><a target=\"_blank\" aria-label=\"Pfadiabteilung Limmattal\" rel=\"noopener noreferrer\" href=\"https:\/\/vereinkulturkunst.ch\/scouts3\/view\/entry.php?dbid=c000001\"> <\/a><span class=\"uagb-icon-list__source-wrap\"><img decoding=\"async\" class=\"uagb-icon-list__source-image\" src=\"https:\/\/cultart.ch\/cultart\/wp-content\/uploads\/2021\/01\/PfadiabteilungLimmattal.png\" width=\"35\" height=\"35\" loading=\"lazy\" alt=\"\"\/><\/span><span class=\"uagb-icon-list__label\">Pfadiabteilung Limmattal<\/span><\/div>\n<\/div><\/div>\n<\/div><\/div>\n\n\n\n<div id=\"kundenstatement\" class=\"wp-block-uagb-container uagb-block-3839f785 alignfull uagb-is-root-container\">\n<div class=\"wp-block-uagb-container uagb-block-28ad4bb1\">\n<div class=\"wp-block-uagb-advanced-heading uagb-block-211d8980\"><h2 class=\"uagb-heading-text\">Kunden-Statement der Pfadi Limmattal<\/h2><\/div>\n\n\n\n<div class=\"wp-block-uagb-star-rating uagb-block-dd0c7b3f\"><div class=\"uag-star-rating\" title=\"5\/5\"><span class=\"uag-star\">\u2605<\/span><span class=\"uag-star\">\u2605<\/span><span class=\"uag-star\">\u2605<\/span><span class=\"uag-star\">\u2605<\/span><span class=\"uag-star\">\u2605<\/span><\/div><\/div>\n\n\n\n<p class=\"has-text-align-center\">Archive aufzubauen ist immer mit viel Aufwand verbunden. Zum einen muss das Material, welches archiviert werden soll, gesichtet und organisiert werden. Wenn das geschafft ist, muss es noch in eine digitale Form gebracht werden. Zum Schluss ben\u00f6tigt man eine einfache und intuitive Archivsoftware.<br>&nbsp;<br>Genau diese Archivsoftware haben wir mit der Zusammenarbeit von CultArt gefunden. Eine online L\u00f6sung, in der wir unsere \u00fcber 100 Jahre Pfadi-Limmattal einfach, intuitiv und perfekt mit unseren gewachsenen, heterarchieven&nbsp;und multidimensionalen Strukturen vom Verein speichern konnten.<\/p>\n\n\n\n<div class=\"wp-block-group is-layout-constrained wp-block-group-is-layout-constrained\">\n<p class=\"has-text-align-center\"><strong>&#8211;<\/strong><\/p>\n\n\n\n<p class=\"has-text-align-center\"><strong>Walter Diggelmann alias Keck, APF<\/strong><\/p>\n\n\n\n<p class=\"has-text-align-center has-ast-global-color-8-color has-text-color has-link-color wp-elements-84149b101e5a51d36318c49506338043\"><a href=\"https:\/\/cultart-scout.ch\/switzerland\/limmattal\" target=\"_blank\" rel=\"noreferrer noopener\">Pfadi Limmattal<\/a><\/p>\n<\/div>\n<\/div>\n<\/div>\n","protected":false},"excerpt":{"rendered":"<p>&#8211; Software-L\u00f6sungen Chronik-Applikation f\u00fcr Pfadfinderabteilungen Moderne Chronik-L\u00f6sung f\u00fcr die Verwaltung von Pfadi-Abteilungen und deren Mitglieder. Diese mandatenf\u00e4hige Chronik-L\u00f6sung wurde speziell [&hellip;]<\/p>\n","protected":false},"author":3,"featured_media":0,"parent":947,"menu_order":0,"comment_status":"closed","ping_status":"closed","template":"","meta":{"_uag_custom_page_level_css":"","site-sidebar-layout":"default","site-content-layout":"","ast-site-content-layout":"default","site-content-style":"default","site-sidebar-style":"default","ast-global-header-display":"","ast-banner-title-visibility":"","ast-main-header-display":"","ast-hfb-above-header-display":"","ast-hfb-below-header-display":"","ast-hfb-mobile-header-display":"","site-post-title":"","ast-breadcrumbs-content":"","ast-featured-img":"","footer-sml-layout":"","theme-transparent-header-meta":"","adv-header-id-meta":"","stick-header-meta":"","header-above-stick-meta":"","header-main-stick-meta":"","header-below-stick-meta":"","astra-migrate-meta-layouts":"default","ast-page-background-enabled":"default","ast-page-background-meta":{"desktop":{"background-color":"var(--ast-global-color-4)","background-image":"","background-repeat":"repeat","background-position":"center center","background-size":"auto","background-attachment":"scroll","background-type":"","background-media":"","overlay-type":"","overlay-color":"","overlay-opacity":"","overlay-gradient":""},"tablet":{"background-color":"","background-image":"","background-repeat":"repeat","background-position":"center center","background-size":"auto","background-attachment":"scroll","background-type":"","background-media":"","overlay-type":"","overlay-color":"","overlay-opacity":"","overlay-gradient":""},"mobile":{"background-color":"","background-image":"","background-repeat":"repeat","background-position":"center center","background-size":"auto","background-attachment":"scroll","background-type":"","background-media":"","overlay-type":"","overlay-color":"","overlay-opacity":"","overlay-gradient":""}},"ast-content-background-meta":{"desktop":{"background-color":"var(--ast-global-color-5)","background-image":"","background-repeat":"repeat","background-position":"center center","background-size":"auto","background-attachment":"scroll","background-type":"","background-media":"","overlay-type":"","overlay-color":"","overlay-opacity":"","overlay-gradient":""},"tablet":{"background-color":"var(--ast-global-color-5)","background-image":"","background-repeat":"repeat","background-position":"center center","background-size":"auto","background-attachment":"scroll","background-type":"","background-media":"","overlay-type":"","overlay-color":"","overlay-opacity":"","overlay-gradient":""},"mobile":{"background-color":"var(--ast-global-color-5)","background-image":"","background-repeat":"repeat","background-position":"center center","background-size":"auto","background-attachment":"scroll","background-type":"","background-media":"","overlay-type":"","overlay-color":"","overlay-opacity":"","overlay-gradient":""}},"footnotes":""},"class_list":["post-759","page","type-page","status-publish","hentry"],"uagb_featured_image_src":{"full":false,"thumbnail":false,"medium":false,"medium_large":false,"large":false,"1536x1536":false,"2048x2048":false},"uagb_author_info":{"display_name":"Fi Dunnington","author_link":"https:\/\/cultart.ch\/cultart\/author\/fi\/"},"uagb_comment_info":0,"uagb_excerpt":"&#8211; Software-L\u00f6sungen Chronik-Applikation f\u00fcr Pfadfinderabteilungen Moderne Chronik-L\u00f6sung f\u00fcr die Verwaltung von Pfadi-Abteilungen und deren Mitglieder. Diese mandatenf\u00e4hige Chronik-L\u00f6sung wurde speziell [&hellip;]","_links":{"self":[{"href":"https:\/\/cultart.ch\/cultart\/wp-json\/wp\/v2\/pages\/759","targetHints":{"allow":["GET"]}}],"collection":[{"href":"https:\/\/cultart.ch\/cultart\/wp-json\/wp\/v2\/pages"}],"about":[{"href":"https:\/\/cultart.ch\/cultart\/wp-json\/wp\/v2\/types\/page"}],"author":[{"embeddable":true,"href":"https:\/\/cultart.ch\/cultart\/wp-json\/wp\/v2\/users\/3"}],"replies":[{"embeddable":true,"href":"https:\/\/cultart.ch\/cultart\/wp-json\/wp\/v2\/comments?post=759"}],"version-history":[{"count":38,"href":"https:\/\/cultart.ch\/cultart\/wp-json\/wp\/v2\/pages\/759\/revisions"}],"predecessor-version":[{"id":1445,"href":"https:\/\/cultart.ch\/cultart\/wp-json\/wp\/v2\/pages\/759\/revisions\/1445"}],"up":[{"embeddable":true,"href":"https:\/\/cultart.ch\/cultart\/wp-json\/wp\/v2\/pages\/947"}],"wp:attachment":[{"href":"https:\/\/cultart.ch\/cultart\/wp-json\/wp\/v2\/media?parent=759"}],"curies":[{"name":"wp","href":"https:\/\/api.w.org\/{rel}","templated":true}]}}