{"id":5,"date":"2018-08-07T21:53:03","date_gmt":"2018-08-07T19:53:03","guid":{"rendered":"http:\/\/cultart.ch\/?page_id=5"},"modified":"2024-12-27T09:08:30","modified_gmt":"2024-12-27T08:08:30","slug":"home","status":"publish","type":"page","link":"https:\/\/cultart.ch\/cultart\/","title":{"rendered":"Home"},"content":{"rendered":"\n<div class=\"wp-block-uagb-container hero_container uagb-block-zbbqzses alignfull uagb-is-root-container\"><div class=\"uagb-container-inner-blocks-wrap\">\n<div class=\"wp-block-uagb-container uagb-block-78f33262\">\n<div class=\"wp-block-uagb-container uagb-block-7d85f381\">\n<div class=\"wp-block-uagb-container uagb-block-ad82dadb\">\n<p class=\"has-text-align-center\" style=\"font-size:16px\">IT DIENSTLEISTUNGEN UND SOFTWARE-ENTWICKLUNG<\/p>\n\n\n\n<div class=\"wp-block-group is-vertical is-content-justification-center is-layout-flex wp-container-core-group-is-layout-85c6d67c wp-block-group-is-layout-flex\" style=\"margin-top:0px;margin-bottom:0px\">\n<div class=\"wp-block-group hero_text is-vertical is-content-justification-center is-layout-flex wp-container-core-group-is-layout-81423f52 wp-block-group-is-layout-flex\" style=\"min-height:0px\">\n<div class=\"wp-block-uagb-advanced-heading uagb-block-a2f6940c hero_text\"><h1 class=\"uagb-heading-text\">Kultur-G\u00fcter nachhaltig dokumentieren und<\/h1><\/div>\n\n\n\n<div class=\"wp-block-uagb-advanced-heading uagb-block-0a2fd424 hero_text\"><h1 class=\"uagb-heading-text\">digitalisieren<\/h1><\/div>\n<\/div>\n<\/div>\n\n\n\n<p class=\"has-text-align-center\" style=\"font-size:16px\">Web-Applikationen und IT-Dienstleistungen zu einem optimalen Qualit\u00e4ts-\/Preis-\/Leistungsverh\u00e4ltnis<\/p>\n<\/div>\n\n\n\n<div class=\"wp-block-uagb-buttons uagb-buttons__outer-wrap uagb-btn__default-btn uagb-btn-tablet__default-btn uagb-btn-mobile__default-btn uagb-block-ffe26fe6\"><div class=\"uagb-buttons__wrap uagb-buttons-layout-wrap \">\n<div class=\"wp-block-uagb-buttons-child uagb-buttons__outer-wrap uagb-block-bc61ddff wp-block-button home_page_button\"><div class=\"uagb-button__wrapper\"><a class=\"uagb-buttons-repeater wp-block-button__link\" aria-label=\"\" href=\"https:\/\/cultart.ch\/cultart\/software-loesungen\/\" rel=\"follow noopener\" target=\"_self\" role=\"button\"><div class=\"uagb-button__link\">Unsere Web-Applikationen<\/div><\/a><\/div><\/div>\n\n\n\n<div class=\"wp-block-uagb-buttons-child uagb-buttons__outer-wrap uagb-block-422a6e9a wp-block-button home_page_button\"><div class=\"uagb-button__wrapper\"><a class=\"uagb-buttons-repeater wp-block-button__link\" aria-label=\"\" href=\"https:\/\/cultart.ch\/cultart\/dienstleistungen\/\" rel=\"follow noopener\" target=\"_self\" role=\"button\"><div class=\"uagb-button__link\">Unsere IT-Dienstleistungen<\/div><\/a><\/div><\/div>\n<\/div><\/div>\n<\/div>\n<\/div>\n<\/div><\/div>\n\n\n\n<div class=\"wp-block-uagb-container uagb-block-36ripm2d alignfull uagb-is-root-container\"><div class=\"uagb-container-inner-blocks-wrap\">\n<h3 class=\"wp-block-heading has-text-align-center highlight_text\">Unsere Kunden<\/h3>\n\n\n\n<div class=\"wp-block-uagb-container uagb-block-06df9a2a alignfull uagb-is-root-container\"><div class=\"uagb-container-inner-blocks-wrap\">\n<div class=\"wp-block-group unsere_kunden_banner is-content-justification-center is-nowrap is-layout-flex wp-container-core-group-is-layout-81de26c2 wp-block-group-is-layout-flex\" style=\"padding-top:0;padding-bottom:0\">\n<div class=\"wp-block-uagb-image aligncenter uagb-block-ada7f24a wp-block-uagb-image--layout-default wp-block-uagb-image--effect-static wp-block-uagb-image--align-center\"><figure class=\"wp-block-uagb-image__figure\"><img decoding=\"async\" srcset=\"https:\/\/cultart.ch\/cultart\/wp-content\/uploads\/2018\/08\/Schweiz.png ,https:\/\/cultart.ch\/cultart\/wp-content\/uploads\/2018\/08\/Schweiz.png 780w, https:\/\/cultart.ch\/cultart\/wp-content\/uploads\/2018\/08\/Schweiz.png 360w\" sizes=\"auto, (max-width: 480px) 150px\" src=\"https:\/\/cultart.ch\/cultart\/wp-content\/uploads\/2018\/08\/Schweiz.png\" alt=\"\" class=\"uag-image-150\" width=\"60\" height=\"60\" title=\"Schweiz\" loading=\"lazy\" role=\"img\"\/><\/figure><\/div>\n\n\n\n<div class=\"wp-block-uagb-image aligncenter uagb-block-c2275d1c wp-block-uagb-image--layout-default wp-block-uagb-image--effect-static wp-block-uagb-image--align-center\"><figure class=\"wp-block-uagb-image__figure\"><img decoding=\"async\" srcset=\"https:\/\/cultart.ch\/cultart\/wp-content\/uploads\/2024\/12\/image-10.png ,https:\/\/cultart.ch\/cultart\/wp-content\/uploads\/2024\/12\/image-10.png 780w, https:\/\/cultart.ch\/cultart\/wp-content\/uploads\/2024\/12\/image-10.png 360w\" sizes=\"auto, (max-width: 480px) 150px\" src=\"https:\/\/cultart.ch\/cultart\/wp-content\/uploads\/2024\/12\/image-10.png\" alt=\"\" class=\"uag-image-1015\" width=\"40\" height=\"50\" title=\"image 10\" loading=\"lazy\" role=\"img\"\/><\/figure><\/div>\n\n\n\n<div class=\"wp-block-uagb-image aligncenter uagb-block-6b855182 wp-block-uagb-image--layout-default wp-block-uagb-image--effect-static wp-block-uagb-image--align-center\"><figure class=\"wp-block-uagb-image__figure\"><img decoding=\"async\" srcset=\"https:\/\/cultart.ch\/cultart\/wp-content\/uploads\/2024\/12\/Frame-8.png ,https:\/\/cultart.ch\/cultart\/wp-content\/uploads\/2024\/12\/Frame-8.png 780w, https:\/\/cultart.ch\/cultart\/wp-content\/uploads\/2024\/12\/Frame-8.png 360w\" sizes=\"auto, (max-width: 480px) 150px\" src=\"https:\/\/cultart.ch\/cultart\/wp-content\/uploads\/2024\/12\/Frame-8.png\" alt=\"\" class=\"uag-image-1017\" width=\"40\" height=\"50\" title=\"Frame 8\" loading=\"lazy\" role=\"img\"\/><\/figure><\/div>\n\n\n\n<div class=\"wp-block-uagb-image aligncenter uagb-block-c950688c wp-block-uagb-image--layout-default wp-block-uagb-image--effect-static wp-block-uagb-image--align-center\"><figure class=\"wp-block-uagb-image__figure\"><img decoding=\"async\" srcset=\"https:\/\/cultart.ch\/cultart\/wp-content\/uploads\/2024\/12\/image-4.png ,https:\/\/cultart.ch\/cultart\/wp-content\/uploads\/2024\/12\/image-4.png 780w, https:\/\/cultart.ch\/cultart\/wp-content\/uploads\/2024\/12\/image-4.png 360w\" sizes=\"auto, (max-width: 480px) 150px\" src=\"https:\/\/cultart.ch\/cultart\/wp-content\/uploads\/2024\/12\/image-4.png\" alt=\"\" class=\"uag-image-1013\" width=\"40\" height=\"50\" title=\"image 4\" loading=\"lazy\" role=\"img\"\/><\/figure><\/div>\n\n\n\n<div class=\"wp-block-uagb-image aligncenter uagb-block-1a02cd2a wp-block-uagb-image--layout-default wp-block-uagb-image--effect-static wp-block-uagb-image--align-center\"><figure class=\"wp-block-uagb-image__figure\"><img decoding=\"async\" srcset=\"https:\/\/cultart.ch\/cultart\/wp-content\/uploads\/2024\/12\/image-5.png ,https:\/\/cultart.ch\/cultart\/wp-content\/uploads\/2024\/12\/image-5.png 780w, https:\/\/cultart.ch\/cultart\/wp-content\/uploads\/2024\/12\/image-5.png 360w\" sizes=\"auto, (max-width: 480px) 150px\" src=\"https:\/\/cultart.ch\/cultart\/wp-content\/uploads\/2024\/12\/image-5.png\" alt=\"\" class=\"uag-image-1012\" width=\"40\" height=\"50\" title=\"image 5\" loading=\"lazy\" role=\"img\"\/><\/figure><\/div>\n\n\n\n<div class=\"wp-block-uagb-image aligncenter uagb-block-2e16b2c4 wp-block-uagb-image--layout-default wp-block-uagb-image--effect-static wp-block-uagb-image--align-center\"><figure class=\"wp-block-uagb-image__figure\"><img decoding=\"async\" srcset=\"https:\/\/cultart.ch\/cultart\/wp-content\/uploads\/2024\/12\/image-6.png ,https:\/\/cultart.ch\/cultart\/wp-content\/uploads\/2024\/12\/image-6.png 780w, https:\/\/cultart.ch\/cultart\/wp-content\/uploads\/2024\/12\/image-6.png 360w\" sizes=\"auto, (max-width: 480px) 150px\" src=\"https:\/\/cultart.ch\/cultart\/wp-content\/uploads\/2024\/12\/image-6.png\" alt=\"\" class=\"uag-image-1011\" width=\"38\" height=\"50\" title=\"image 6\" loading=\"lazy\" role=\"img\"\/><\/figure><\/div>\n\n\n\n<div class=\"wp-block-uagb-image aligncenter uagb-block-63ba4f0b wp-block-uagb-image--layout-default wp-block-uagb-image--effect-static wp-block-uagb-image--align-center\"><figure class=\"wp-block-uagb-image__figure\"><img decoding=\"async\" srcset=\"https:\/\/cultart.ch\/cultart\/wp-content\/uploads\/2024\/12\/Frame-11.png ,https:\/\/cultart.ch\/cultart\/wp-content\/uploads\/2024\/12\/Frame-11.png 780w, https:\/\/cultart.ch\/cultart\/wp-content\/uploads\/2024\/12\/Frame-11.png 360w\" sizes=\"auto, (max-width: 480px) 150px\" src=\"https:\/\/cultart.ch\/cultart\/wp-content\/uploads\/2024\/12\/Frame-11.png\" alt=\"\" class=\"uag-image-1010\" width=\"40\" height=\"50\" title=\"Frame 11\" loading=\"lazy\" role=\"img\"\/><\/figure><\/div>\n\n\n\n<div class=\"wp-block-uagb-image aligncenter uagb-block-32740280 wp-block-uagb-image--layout-default wp-block-uagb-image--effect-static wp-block-uagb-image--align-center\"><figure class=\"wp-block-uagb-image__figure\"><img decoding=\"async\" srcset=\"https:\/\/cultart.ch\/cultart\/wp-content\/uploads\/2024\/12\/image-7.png ,https:\/\/cultart.ch\/cultart\/wp-content\/uploads\/2024\/12\/image-7.png 780w, https:\/\/cultart.ch\/cultart\/wp-content\/uploads\/2024\/12\/image-7.png 360w\" sizes=\"auto, (max-width: 480px) 150px\" src=\"https:\/\/cultart.ch\/cultart\/wp-content\/uploads\/2024\/12\/image-7.png\" alt=\"\" class=\"uag-image-1009\" width=\"40\" height=\"50\" title=\"image 7\" loading=\"lazy\" role=\"img\"\/><\/figure><\/div>\n\n\n\n<div class=\"wp-block-uagb-image aligncenter uagb-block-a24c6178 wp-block-uagb-image--layout-default wp-block-uagb-image--effect-static wp-block-uagb-image--align-center\"><figure class=\"wp-block-uagb-image__figure\"><img decoding=\"async\" srcset=\"https:\/\/cultart.ch\/cultart\/wp-content\/uploads\/2024\/12\/Frame-10-1.png ,https:\/\/cultart.ch\/cultart\/wp-content\/uploads\/2024\/12\/Frame-10-1.png 780w, https:\/\/cultart.ch\/cultart\/wp-content\/uploads\/2024\/12\/Frame-10-1.png 360w\" sizes=\"auto, (max-width: 480px) 150px\" src=\"https:\/\/cultart.ch\/cultart\/wp-content\/uploads\/2024\/12\/Frame-10-1.png\" alt=\"\" class=\"uag-image-1023\" width=\"40\" height=\"50\" title=\"Frame 10\" loading=\"lazy\" role=\"img\"\/><\/figure><\/div>\n\n\n\n<div class=\"wp-block-uagb-image aligncenter uagb-block-285ee6c0 wp-block-uagb-image--layout-default wp-block-uagb-image--effect-static wp-block-uagb-image--align-center\"><figure class=\"wp-block-uagb-image__figure\"><img decoding=\"async\" srcset=\"https:\/\/cultart.ch\/cultart\/wp-content\/uploads\/2024\/12\/image-9.png ,https:\/\/cultart.ch\/cultart\/wp-content\/uploads\/2024\/12\/image-9.png 780w, https:\/\/cultart.ch\/cultart\/wp-content\/uploads\/2024\/12\/image-9.png 360w\" sizes=\"auto, (max-width: 480px) 150px\" src=\"https:\/\/cultart.ch\/cultart\/wp-content\/uploads\/2024\/12\/image-9.png\" alt=\"\" class=\"uag-image-1007\" width=\"50\" height=\"50\" title=\"image 9\" loading=\"lazy\" role=\"img\"\/><\/figure><\/div>\n\n\n\n<div class=\"wp-block-uagb-image aligncenter uagb-block-3778a54e wp-block-uagb-image--layout-default wp-block-uagb-image--effect-static wp-block-uagb-image--align-center\"><figure class=\"wp-block-uagb-image__figure\"><img decoding=\"async\" srcset=\"https:\/\/cultart.ch\/cultart\/wp-content\/uploads\/2024\/12\/Frame-12.png ,https:\/\/cultart.ch\/cultart\/wp-content\/uploads\/2024\/12\/Frame-12.png 780w, https:\/\/cultart.ch\/cultart\/wp-content\/uploads\/2024\/12\/Frame-12.png 360w\" sizes=\"auto, (max-width: 480px) 150px\" src=\"https:\/\/cultart.ch\/cultart\/wp-content\/uploads\/2024\/12\/Frame-12.png\" alt=\"\" class=\"uag-image-1006\" width=\"60\" height=\"60\" title=\"Frame 12\" loading=\"lazy\" role=\"img\"\/><\/figure><\/div>\n\n\n\n<div class=\"wp-block-uagb-image aligncenter uagb-block-6819b81f wp-block-uagb-image--layout-default wp-block-uagb-image--effect-static wp-block-uagb-image--align-center\"><figure class=\"wp-block-uagb-image__figure\"><img decoding=\"async\" srcset=\"https:\/\/cultart.ch\/cultart\/wp-content\/uploads\/2024\/12\/Frame-13.png ,https:\/\/cultart.ch\/cultart\/wp-content\/uploads\/2024\/12\/Frame-13.png 780w, https:\/\/cultart.ch\/cultart\/wp-content\/uploads\/2024\/12\/Frame-13.png 360w\" sizes=\"auto, (max-width: 480px) 150px\" src=\"https:\/\/cultart.ch\/cultart\/wp-content\/uploads\/2024\/12\/Frame-13.png\" alt=\"\" class=\"uag-image-1005\" width=\"40\" height=\"50\" title=\"Frame 13\" loading=\"lazy\" role=\"img\"\/><\/figure><\/div>\n<\/div>\n<\/div><\/div>\n<\/div><\/div>\n\n\n\n<div id=\"uberuns\" class=\"wp-block-uagb-container uagb-block-c42442fb alignwide uagb-is-root-container\">\n<div class=\"wp-block-uagb-advanced-heading uagb-block-72aff146\"><h2 class=\"uagb-heading-text\">CultArt<\/h2><\/div>\n\n\n\n<div class=\"wp-block-uagb-advanced-heading uagb-block-856ba6a2\"><h3 class=\"uagb-heading-text\"><strong>Unsere Mission<\/strong><\/h3><\/div>\n\n\n\n<p>Unsere Mission ist das zur Verf\u00fcgung stellen von IT-Produkten, -L\u00f6sungen und Dienstleistungen f\u00fcr den \u00f6ffentlichen Bereich zu einem optimalen Qualit\u00e4ts-\/Preis-\/Leistungsverh\u00e4ltnis.<\/p>\n\n\n\n<div class=\"wp-block-uagb-advanced-heading uagb-block-253144eb\"><h3 class=\"uagb-heading-text\"><strong>Unser Schl\u00fcssel zum Erfolg<\/strong><\/h3><\/div>\n\n\n\n<p>Wir d\u00fcrfen einerseits auf Mitarbeitende z\u00e4hlen, die schon viele Jahre f\u00fcr uns t\u00e4tig sind und somit auch \u00fcber hervorragendes Branchenwissen verf\u00fcgen und andererseits projektspezifisch mit uns bestens bekannten und vertrauten Partnern und Lieferanten, auch im offshore Bereich.<\/p>\n\n\n\n<div class=\"wp-block-uagb-advanced-heading uagb-block-898cade1\"><h3 class=\"uagb-heading-text\"><strong>Fragen?<\/strong><\/h3><\/div>\n\n\n\n<p>F\u00fcr Anfragen nutzen Sie bitte unser Kontaktformular. Besten Dank daf\u00fcr.<\/p>\n\n\n\n<div class=\"wp-block-uagb-advanced-heading uagb-block-843add48\"><h3 class=\"uagb-heading-text\"><strong>Ihr Kontakt<\/strong><\/h3><\/div>\n\n\n\n<p>CultArt\u2028<br>Marco Visini\u2028<br>Gr\u00fcnder, Inhaber und Gesch\u00e4ftsf\u00fchrer<br><a href=\"mailto:info@cultart.ch\">info@cultart.ch<\/a><\/p>\n\n\n\n<div class=\"wp-block-uagb-buttons uagb-buttons__outer-wrap uagb-btn__default-btn uagb-btn-tablet__default-btn uagb-btn-mobile__default-btn uagb-block-c65b4497\"><div class=\"uagb-buttons__wrap uagb-buttons-layout-wrap \">\n<div class=\"wp-block-uagb-buttons-child uagb-buttons__outer-wrap uagb-block-fa1569f6 wp-block-button\"><div class=\"uagb-button__wrapper\"><a class=\"uagb-buttons-repeater wp-block-button__link\" aria-label=\"\" href=\"https:\/\/cultart.ch\/cultart\/unsere-geschichte\/\" rel=\"follow noopener\" target=\"_self\" role=\"button\"><div class=\"uagb-button__link\">Lesen Sie mehr ><\/div><\/a><\/div><\/div>\n<\/div><\/div>\n<\/div>\n","protected":false},"excerpt":{"rendered":"<p>IT DIENSTLEISTUNGEN UND SOFTWARE-ENTWICKLUNG Kultur-G\u00fcter nachhaltig dokumentieren und digitalisieren Web-Applikationen und IT-Dienstleistungen zu einem optimalen Qualit\u00e4ts-\/Preis-\/Leistungsverh\u00e4ltnis Unsere Kunden CultArt Unsere [&hellip;]<\/p>\n","protected":false},"author":1,"featured_media":0,"parent":0,"menu_order":0,"comment_status":"closed","ping_status":"closed","template":"","meta":{"_uag_custom_page_level_css":"","site-sidebar-layout":"default","site-content-layout":"","ast-site-content-layout":"default","site-content-style":"default","site-sidebar-style":"default","ast-global-header-display":"","ast-banner-title-visibility":"","ast-main-header-display":"","ast-hfb-above-header-display":"","ast-hfb-below-header-display":"","ast-hfb-mobile-header-display":"","site-post-title":"","ast-breadcrumbs-content":"","ast-featured-img":"","footer-sml-layout":"","theme-transparent-header-meta":"","adv-header-id-meta":"","stick-header-meta":"","header-above-stick-meta":"","header-main-stick-meta":"","header-below-stick-meta":"","astra-migrate-meta-layouts":"default","ast-page-background-enabled":"default","ast-page-background-meta":{"desktop":{"background-color":"var(--ast-global-color-4)","background-image":"","background-repeat":"repeat","background-position":"center center","background-size":"auto","background-attachment":"scroll","background-type":"","background-media":"","overlay-type":"","overlay-color":"","overlay-opacity":"","overlay-gradient":""},"tablet":{"background-color":"","background-image":"","background-repeat":"repeat","background-position":"center center","background-size":"auto","background-attachment":"scroll","background-type":"","background-media":"","overlay-type":"","overlay-color":"","overlay-opacity":"","overlay-gradient":""},"mobile":{"background-color":"","background-image":"","background-repeat":"repeat","background-position":"center center","background-size":"auto","background-attachment":"scroll","background-type":"","background-media":"","overlay-type":"","overlay-color":"","overlay-opacity":"","overlay-gradient":""}},"ast-content-background-meta":{"desktop":{"background-color":"var(--ast-global-color-5)","background-image":"","background-repeat":"repeat","background-position":"center center","background-size":"auto","background-attachment":"scroll","background-type":"","background-media":"","overlay-type":"","overlay-color":"","overlay-opacity":"","overlay-gradient":""},"tablet":{"background-color":"var(--ast-global-color-5)","background-image":"","background-repeat":"repeat","background-position":"center center","background-size":"auto","background-attachment":"scroll","background-type":"","background-media":"","overlay-type":"","overlay-color":"","overlay-opacity":"","overlay-gradient":""},"mobile":{"background-color":"var(--ast-global-color-5)","background-image":"","background-repeat":"repeat","background-position":"center center","background-size":"auto","background-attachment":"scroll","background-type":"","background-media":"","overlay-type":"","overlay-color":"","overlay-opacity":"","overlay-gradient":""}},"footnotes":""},"class_list":["post-5","page","type-page","status-publish","hentry"],"uagb_featured_image_src":{"full":false,"thumbnail":false,"medium":false,"medium_large":false,"large":false,"1536x1536":false,"2048x2048":false},"uagb_author_info":{"display_name":"admin","author_link":"https:\/\/cultart.ch\/cultart\/author\/admin\/"},"uagb_comment_info":0,"uagb_excerpt":"IT DIENSTLEISTUNGEN UND SOFTWARE-ENTWICKLUNG Kultur-G\u00fcter nachhaltig dokumentieren und digitalisieren Web-Applikationen und IT-Dienstleistungen zu einem optimalen Qualit\u00e4ts-\/Preis-\/Leistungsverh\u00e4ltnis Unsere Kunden CultArt Unsere [&hellip;]","_links":{"self":[{"href":"https:\/\/cultart.ch\/cultart\/wp-json\/wp\/v2\/pages\/5","targetHints":{"allow":["GET"]}}],"collection":[{"href":"https:\/\/cultart.ch\/cultart\/wp-json\/wp\/v2\/pages"}],"about":[{"href":"https:\/\/cultart.ch\/cultart\/wp-json\/wp\/v2\/types\/page"}],"author":[{"embeddable":true,"href":"https:\/\/cultart.ch\/cultart\/wp-json\/wp\/v2\/users\/1"}],"replies":[{"embeddable":true,"href":"https:\/\/cultart.ch\/cultart\/wp-json\/wp\/v2\/comments?post=5"}],"version-history":[{"count":49,"href":"https:\/\/cultart.ch\/cultart\/wp-json\/wp\/v2\/pages\/5\/revisions"}],"predecessor-version":[{"id":1406,"href":"https:\/\/cultart.ch\/cultart\/wp-json\/wp\/v2\/pages\/5\/revisions\/1406"}],"wp:attachment":[{"href":"https:\/\/cultart.ch\/cultart\/wp-json\/wp\/v2\/media?parent=5"}],"curies":[{"name":"wp","href":"https:\/\/api.w.org\/{rel}","templated":true}]}}