{"id":29,"date":"2018-08-07T22:39:01","date_gmt":"2018-08-07T20:39:01","guid":{"rendered":"http:\/\/cultart.ch\/?page_id=29"},"modified":"2024-12-27T09:59:22","modified_gmt":"2024-12-27T08:59:22","slug":"agb","status":"publish","type":"page","link":"https:\/\/cultart.ch\/cultart\/agb\/","title":{"rendered":"Impressum \/ AGB"},"content":{"rendered":"\n<div class=\"wp-block-uagb-container uagb-block-1476355f alignfull uagb-is-root-container\"><div class=\"uagb-container-inner-blocks-wrap\">\n<div class=\"wp-block-uagb-advanced-heading uagb-block-065f1cd5\"><h1 class=\"uagb-heading-text\">Impressum \/ AGB<\/h1><\/div>\n\n\n\n<p><strong>1. Geltungsbereich<\/strong><br>CultArt f\u00fchrt die Bestellung nach den zum Zeitpunkt der Bestellung jeweils g\u00fcltigen AGB aus. Die AGB stehen Ihnen hier tagesaktuell zur Verf\u00fcgung.<\/p>\n\n\n\n<p><strong>2. Vertragsabschluss<\/strong><br>Der Vertrag kommt dadurch zustande, dass wir das durch Ihre Bestellung abgegebene Vertragsangebot durch unsere Auftragsbest\u00e4tigung annehmen. Diese Auftragsbest\u00e4tigung beinhaltet die wesentlichen Inhalte Ihrer Bestellung.<\/p>\n\n\n\n<p><strong>3. Lieferung<\/strong><br>Sie erhalten Zugriff auf unsere Dropbox und k\u00f6nnen damit die bestellte Ware (Software, Handb\u00fccher, etc.). Webapplikationen werden Ihnen nach Zahlung freigegeben.<\/p>\n\n\n\n<p><strong>4. Zahlungsbedingungen<\/strong><br>Wir akzeptieren grunds\u00e4tzlich nur Voraus- bzw. Akontozahlungen auf unser Bankkonto. Finanzierungsmodelle sind jedoch m\u00f6glich. Verlangen Sie bitte ein Angebot.<\/p>\n\n\n\n<p><strong>5. Mehrwertsteuer<\/strong><br>Wir sind zurzeit nicht mehrwertsteuerpflichtig.<\/p>\n\n\n\n<p><strong>6. Verzug, Mahnkosten bei Finanzierungsmodellen<\/strong><br>F\u00fcr nach Verzugseintritt entstandene Mahnkosten berechnen wir eine Mahnkostenpauschale in H\u00f6he von CHF\/EUR 30.00. &nbsp;Weitergehende Anspr\u00fcche, insbesondere hinsichtlich der Durchsetzung der Forderung durch ein Inkassob\u00fcro oder einen Rechtsanwalt, bleiben unber\u00fchrt.<\/p>\n\n\n\n<p><strong>7. Eigentumsvorbehalt, R\u00fccktritt (bei Finanzierungsmodellen)<\/strong><br>Wir behalten uns das Eigentum an der Kaufsache bis zum Eingang aller Zahlungen aus dem Vertrag vor. Bei Zahlungsverzug sind wir berechtigt, vom Vertrag zur\u00fcckzutreten und die Kaufsache zur\u00fcckzufordern. Wir behalten uns vor, auch nach Vertragsabschluss eine Bonit\u00e4tspr\u00fcfung durchzuf\u00fchren und bei negativem Ergebnis vom Vertrag zur\u00fcckzutreten. F\u00fcr den Fall, dass ein Lieferant von uns trotz vertraglicher Verpflichtung die bestellte Ware nicht mehr liefert und dies zu einem von uns unverschuldeten, nicht nur vor\u00fcbergehenden Leistungshindernis f\u00fchrt, sind wir zum R\u00fccktritt berechtigt. Im Falle des R\u00fccktrittes werden wir Sie unverz\u00fcglich \u00fcber die Nichtverf\u00fcgbarkeit informieren und bereits erbrachte Gegenleistungen unverz\u00fcglich erstatten.<\/p>\n\n\n\n<p><strong>8. Gew\u00e4hrleistung, Garantie, Haftung<\/strong><br>Dem Kunden ist bekannt, dass nach dem derzeitigen Stand der Technik eine v\u00f6llige Fehlerfreiheit von Software nicht garantiert werden kann. CultArt gew\u00e4hrleistet die Funktionalit\u00e4t des Lizenzmaterials gem\u00e4ss den vertraglichen Spezifikationen. Nicht den Spezifikationen entsprechendes Lizenzmaterial wird von CultArt innert n\u00fctzlicher Frist nach ihrer Wahl kostenlos korrigiert. Es kann auch eine Umgehungsl\u00f6sung angeboten werden. Jede weitere Haftung irgendwelcher Art, insbesondere f\u00fcr Folgesch\u00e4den und indirekte Sch\u00e4den, ist ausdr\u00fccklich ausgeschlossen. F\u00fcr M\u00e4ngel am Lizenzmaterial haftet CultArt w\u00e4hrend 2 Monaten ab Lieferung. M\u00e4ngel sind innerhalb von 10 Tagen nach Feststellung schriftlich bei CultArt geltend zu machen. CultArt \u00fcbernimmt keinerlei Garantie, wenn Lizenzmaterial vom Kunden oder Dritten ge\u00e4ndert worden sind. F\u00fcr von CultArt geliefertes Lizenzmaterial Dritter gibt CultArt lediglich die Garantie des betreffenden Lizenzgebers in entsprechendem Umfange an den Kunden weiter. Jede weitergehende Garantie oder Gew\u00e4hrleistung CultArt gilt als wegbedungen.<\/p>\n\n\n\n<div class=\"wp-block-group is-vertical is-layout-flex wp-container-core-group-is-layout-fe9cc265 wp-block-group-is-layout-flex\">\n<p><strong>9. Nutzungsrecht, Verantwortung des Kunden<\/strong><br>Mit Ausnahme des vertraglich einger\u00e4umten Nutzungsrechts am Lizenzmaterial bleiben s\u00e4mtliche Rechte, wie insbesondere das Eigentum und die Urheberrechte, beim Anbieter bzw. den Urhebern, auch wenn daran \u00c4nderungen oder Erweiterungen vorgenommen werden. Der Kunde verpflichtet sich, das Lizenzmaterial geheim zu halten und davon lediglich im Rahmen dieses AGBs Gebrauch zu machen. Insbesondere stellt der Kunde sicher, dass Dritte nur Zugang zum Lizenzmaterial erhalten, wenn sie sich zu dessen vertragsgem\u00e4sser Nutzung bei ihm aufhalten bzw. darauf zugreifen. Diese Verpflichtung gilt auch nach Beendigung dieses Vertrags auf unbestimmte Zeit. Die Verantwortung f\u00fcr die Auswahl und den Gebrauch der Produkte sowie f\u00fcr die daraus erzielten Resultate liegt beim Kunden. \u00a0Er ist zudem verantwortlich f\u00fcr die Sicherheitsmassnahmen zum Schutze der Software sowie der gespeicherten Daten vor Zerst\u00f6rung, Diebstahl oder Missbrauch (insbesondere Sicherheitskopien und deren zweckm\u00e4ssige Aufbewahrung) und f\u00fcr die Bereitstellung von Ausweichl\u00f6sungen. Jede Zuwiderhandlung gegen dieses Nutzungsrecht stellt einen wichtigen Grund dar, der CultArt berechtigt, den Vertrag fristlos aufzul\u00f6sen und \u00fcberdies Schadenersatz zu verlangen. Dar\u00fcber hinaus verpflichtet sich der Kunde, den urspr\u00fcnglichen Rechtszustand auf seine Kosten wiederherzustellen.<\/p>\n<\/div>\n\n\n\n<div class=\"wp-block-group is-vertical is-layout-flex wp-container-core-group-is-layout-fe9cc265 wp-block-group-is-layout-flex\">\n<p><strong>10. Datenschutz<\/strong><br>Die f\u00fcr die Gesch\u00e4ftsabwicklung notwendigen Daten werden unter strikter Beachtung der geltenden Bestimmungen gespeichert und bei der Bestellabwicklung gegebenenfalls an verbundene Unternehmen sowie Dritte zur Bestellabwicklung eingeschaltete Unternehmen weitergegeben. Alle pers\u00f6nlichen Daten werden vertraulich behandelt. Wir sind berechtigt, die pers\u00f6nlichen Daten zum Zwecke der Kreditpr\u00fcfung und der Bonit\u00e4ts\u00fcberwachung im Rahmen eines Datenaustausches an die entsprechenden Instanzen zu \u00fcbermitteln. Sie sind berechtigt, Ihre Einwilligung jederzeit zu widerrufen.<br><br>Sofern innerhalb unseres Internet-Angebots die M\u00f6glichkeit zur Eingabe pers\u00f6nlicher oder gesch\u00e4ftlicher Daten (z.B. E-Mail- Adressen, Namen, Anschriften) besteht, so erfolgt die Preisgabe dieser Daten seitens des Nutzers auf ausdr\u00fccklich freiwilliger Basis. Es gelten einerseits das Schweizer Datenschutzrecht ab 1. September 2023 und andererseits die Datenschutz-Grundverordnung (DSGVO) der Europ\u00e4ischen Union.<\/p>\n<\/div>\n\n\n\n<p><strong>11. Anwendbares Recht und Gerichtsstand<\/strong><br>Es gelten die Bestimmungen des schweizerischen und deutschen Rechts, auch wenn aus anderen L\u00e4ndern oder an andere L\u00e4nder geliefert wird. Gerichtsstand ist CH-4500 Solothurn sowie DE-83022 Rosenheim. Wir sind berechtigt, auch an Ihrem allgemeinen Gerichtsstand zu klagen. Die Unwirksamkeit einzelner Bestimmungen ber\u00fchrt nicht die \u00fcbrige Wirksamkeit des Vertrages und dieser AGB.<\/p>\n\n\n\n<p><strong>12. Anschrift<\/strong><br><strong>Hauptsitz, Postanschrift:<\/strong><br>CultArt<br>Marco Visini<br>Kranzhornstrasse 21<br>D \u2013 83080 Oberaudorf, <br>Landkreis Rosenheim\u2028<br><a href=\"mailto:info@cultart.ch\">info@cultart.ch<\/a>\u2028<br><a href=\"https:\/\/cultart.ch\/cultart\/\" data-type=\"page\" data-id=\"5\" target=\"_blank\" rel=\"noreferrer noopener\">www.cultart.ch<\/a>&nbsp; &nbsp;&nbsp;<a href=\"https:\/\/cultart.biz\" target=\"_blank\" rel=\"noreferrer noopener\">www.cultart.biz\u2028<\/a> <br>Tel. Festnetz&nbsp;&nbsp; +49 8033 302 25 75\u2028 <br>MO-FR, 08:30-17:00 Uhr (exkl. Feiertage)<br><br><strong>Support: <\/strong><a href=\"mailto:support@cultart.ch\">support@cultart.ch&nbsp;<\/a>&nbsp;&nbsp;&nbsp;&nbsp;<br><br><strong>Filiale:<\/strong><br>CultArt\u2028<br>Marco Visini<br>Dorfstrasse 33<br>CH \u2013 4514 Lommiswil \/ Kanton Solothurn<\/p>\n\n\n\n<p><strong>13. Haftungsausschluss<\/strong><br>CultArt \u00fcbernimmt keinerlei Gew\u00e4hr f\u00fcr die Aktualit\u00e4t, Korrektheit oder Vollst\u00e4ndigkeit der publizierten Informationen. &nbsp;Haftungsanspr\u00fcche gegen die Autoren und Betreiber, welche sich auf Sch\u00e4den materieller oder ideeller Art beziehen, die durch die Nutzung oder Nichtnutzung der dargebotenen Informationen bzw. durch die Nutzung fehlerhafter und unvollst\u00e4ndiger Informationen verursacht wurden, sind ausgeschlossen. Dies gilt auch f\u00fcr alle Querverweise, so genannte \u201eLinks\u201c, auf die diese Website direkt oder indirekt verweist. CultArt ist f\u00fcr den Inhalt einer Seite, die mit einem solchen \u201eLink\u201c erreicht wird, nicht verantwortlich. CultArt beh\u00e4lt sich zudem ausdr\u00fccklich vor, Teile der Seiten oder das gesamte Angebot ohne gesonderte Ank\u00fcndigung zu ver\u00e4ndern, zu erg\u00e4nzen, zu l\u00f6schen oder die Ver\u00f6ffentlichung zeitweise oder endg\u00fcltig einzustellen.<\/p>\n<\/div><\/div>\n","protected":false},"excerpt":{"rendered":"<p>Impressum \/ AGB 1. GeltungsbereichCultArt f\u00fchrt die Bestellung nach den zum Zeitpunkt der Bestellung jeweils g\u00fcltigen AGB aus. Die AGB [&hellip;]<\/p>\n","protected":false},"author":1,"featured_media":0,"parent":0,"menu_order":0,"comment_status":"closed","ping_status":"closed","template":"","meta":{"_uag_custom_page_level_css":"","site-sidebar-layout":"default","site-content-layout":"","ast-site-content-layout":"default","site-content-style":"default","site-sidebar-style":"default","ast-global-header-display":"","ast-banner-title-visibility":"","ast-main-header-display":"","ast-hfb-above-header-display":"","ast-hfb-below-header-display":"","ast-hfb-mobile-header-display":"","site-post-title":"","ast-breadcrumbs-content":"","ast-featured-img":"","footer-sml-layout":"","theme-transparent-header-meta":"","adv-header-id-meta":"","stick-header-meta":"","header-above-stick-meta":"","header-main-stick-meta":"","header-below-stick-meta":"","astra-migrate-meta-layouts":"default","ast-page-background-enabled":"default","ast-page-background-meta":{"desktop":{"background-color":"var(--ast-global-color-4)","background-image":"","background-repeat":"repeat","background-position":"center center","background-size":"auto","background-attachment":"scroll","background-type":"","background-media":"","overlay-type":"","overlay-color":"","overlay-opacity":"","overlay-gradient":""},"tablet":{"background-color":"","background-image":"","background-repeat":"repeat","background-position":"center center","background-size":"auto","background-attachment":"scroll","background-type":"","background-media":"","overlay-type":"","overlay-color":"","overlay-opacity":"","overlay-gradient":""},"mobile":{"background-color":"","background-image":"","background-repeat":"repeat","background-position":"center center","background-size":"auto","background-attachment":"scroll","background-type":"","background-media":"","overlay-type":"","overlay-color":"","overlay-opacity":"","overlay-gradient":""}},"ast-content-background-meta":{"desktop":{"background-color":"var(--ast-global-color-5)","background-image":"","background-repeat":"repeat","background-position":"center center","background-size":"auto","background-attachment":"scroll","background-type":"","background-media":"","overlay-type":"","overlay-color":"","overlay-opacity":"","overlay-gradient":""},"tablet":{"background-color":"var(--ast-global-color-5)","background-image":"","background-repeat":"repeat","background-position":"center center","background-size":"auto","background-attachment":"scroll","background-type":"","background-media":"","overlay-type":"","overlay-color":"","overlay-opacity":"","overlay-gradient":""},"mobile":{"background-color":"var(--ast-global-color-5)","background-image":"","background-repeat":"repeat","background-position":"center center","background-size":"auto","background-attachment":"scroll","background-type":"","background-media":"","overlay-type":"","overlay-color":"","overlay-opacity":"","overlay-gradient":""}},"footnotes":""},"class_list":["post-29","page","type-page","status-publish","hentry"],"uagb_featured_image_src":{"full":false,"thumbnail":false,"medium":false,"medium_large":false,"large":false,"1536x1536":false,"2048x2048":false},"uagb_author_info":{"display_name":"admin","author_link":"https:\/\/cultart.ch\/cultart\/author\/admin\/"},"uagb_comment_info":0,"uagb_excerpt":"Impressum \/ AGB 1. GeltungsbereichCultArt f\u00fchrt die Bestellung nach den zum Zeitpunkt der Bestellung jeweils g\u00fcltigen AGB aus. Die AGB [&hellip;]","_links":{"self":[{"href":"https:\/\/cultart.ch\/cultart\/wp-json\/wp\/v2\/pages\/29","targetHints":{"allow":["GET"]}}],"collection":[{"href":"https:\/\/cultart.ch\/cultart\/wp-json\/wp\/v2\/pages"}],"about":[{"href":"https:\/\/cultart.ch\/cultart\/wp-json\/wp\/v2\/types\/page"}],"author":[{"embeddable":true,"href":"https:\/\/cultart.ch\/cultart\/wp-json\/wp\/v2\/users\/1"}],"replies":[{"embeddable":true,"href":"https:\/\/cultart.ch\/cultart\/wp-json\/wp\/v2\/comments?post=29"}],"version-history":[{"count":27,"href":"https:\/\/cultart.ch\/cultart\/wp-json\/wp\/v2\/pages\/29\/revisions"}],"predecessor-version":[{"id":1431,"href":"https:\/\/cultart.ch\/cultart\/wp-json\/wp\/v2\/pages\/29\/revisions\/1431"}],"wp:attachment":[{"href":"https:\/\/cultart.ch\/cultart\/wp-json\/wp\/v2\/media?parent=29"}],"curies":[{"name":"wp","href":"https:\/\/api.w.org\/{rel}","templated":true}]}}