{"id":1068,"date":"2024-12-23T17:29:56","date_gmt":"2024-12-23T16:29:56","guid":{"rendered":"https:\/\/cultart.ch\/cultart\/?page_id=1068"},"modified":"2024-12-24T08:42:35","modified_gmt":"2024-12-24T07:42:35","slug":"unsere-geschichte","status":"publish","type":"page","link":"https:\/\/cultart.ch\/cultart\/unsere-geschichte\/","title":{"rendered":"Unsere Geschichte"},"content":{"rendered":"\n<div class=\"wp-block-uagb-container uagb-block-2e729f61 alignwide uagb-is-root-container\">\n<div class=\"wp-block-uagb-advanced-heading uagb-block-44eaa170\"><h1 class=\"uagb-heading-text\">Unsere Geschichte<\/h1><\/div>\n\n\n\n<p>Die schweizerischen Wurzeln von \u201eCultArt\u201c reichen bis ins Jahr 1991 zur\u00fcck. Es begann mit der Entwicklung einer Inventarisierungsl\u00f6sung f\u00fcr kulturelle Institutionen. Schon bald danach haben wir mit der DSK (Datenbank der Schweizerischen Kulturg\u00fcter *) zusammengearbeitet. Seit dieser Zeit hat sich unsere Web-Applikation \u201eInventory\u201c erfolgreich im Markt durchgesetzt und etabliert. Zahlreiche Museen und Galerien profitieren inzwischen von dieser kosteng\u00fcnstigen und praxisorientierten Software. Es ist uns dabei immer ein grosses Anliegen die W\u00fcnsche unserer Kundschaft in die Produktentwicklung einzubinden.<br>&nbsp;<br>Andererseits haben wir unser Portfolio stetig erweitert. Wir bieten nicht nur \u201eInventory\u201c an, sondern auch eine spannende Geschichtskarte, eine Chronikl\u00f6sung f\u00fcr Pfadfinderabteilungen, Individualsoftwareentwicklung, technische Beratung f\u00fcr kulturelle Institutionen sowie Unterst\u00fctzung bei organisatorischen\/strukturellen IT-Fragen und IT-Projektleitung.<br>&nbsp;<br>Seit 2015 unterst\u00fctzen wir Sie auch bei so genannten \u201coffshore IT-Projektvorhaben\u201d. Wir \u00fcbernehmen f\u00fcr Sie nicht nur das Projektmanagement, sondern begleiten Ihr Projekt von Anfang an bis zum erfolgreichen Abschluss, inkl. Nachbetreuung mit Wartung und Support.<br><br>Seit Mitte 2022 sind wir auch in der EU t\u00e4tig.<\/p>\n<\/div>\n\n\n\n<div class=\"wp-block-uagb-container uagb-block-ca99118b alignwide uagb-is-root-container\">\n<div class=\"wp-block-uagb-content-timeline uagb-timeline__outer-wrap uagb-block-e43b6630 uagb-timeline__content-wrap uagb-timeline__left-block uagb-timeline__arrow-center  uagb-timeline\">\n<article class=\"wp-block-uagb-content-timeline-child uagb-timeline__field uagb-timeline-child-bd79afdc uagb-timeline__left\"><div class=\"uagb-timeline__marker out-view-uagb-timeline__icon\"><svg xmlns=\"\" viewBox=\"0 0 256 512\"><\/svg><\/div><div class=\"uagb-timeline__day-new uagb-timeline__day-left uagb-timeline__events-inner-new\"><div class=\"uagb-timeline__events-inner--content\"><h4 class=\"uagb-timeline__heading\">1991<\/h4><p class=\"uagb-timeline-desc-content\">Gr\u00fcndung in der Schweiz \u2013 Non Profit Organisation f\u00fcr den \u00f6ffentlichen Bereich<br>Fokussiert auf Inventarisierungs-Software f\u00fcr kulturelle Institutionen<\/p><div class=\"uagb-timeline__arrow\"><\/div><\/div><\/div><div class=\"uagb-timeline__date-new\"><\/div><\/article>\n\n\n\n<article class=\"wp-block-uagb-content-timeline-child uagb-timeline__field uagb-timeline-child-58f3161b uagb-timeline__left\"><div class=\"uagb-timeline__marker out-view-uagb-timeline__icon\"><svg xmlns=\"\" viewBox=\"0 0 256 512\"><\/svg><\/div><div class=\"uagb-timeline__day-new uagb-timeline__day-left uagb-timeline__events-inner-new\"><div class=\"uagb-timeline__events-inner--content\"><h4 class=\"uagb-timeline__heading\">1992<\/h4><p class=\"uagb-timeline-desc-content\">Erste \u00abInventory\u00bb Installation:<br>Dorfmuseum Feldbrunnen\/St.Niklaus (Solothurn, Schweiz)<\/p><div class=\"uagb-timeline__arrow\"><\/div><\/div><\/div><div class=\"uagb-timeline__date-new\"><\/div><\/article>\n\n\n\n<article class=\"wp-block-uagb-content-timeline-child uagb-timeline__field uagb-timeline-child-7ca8f417 uagb-timeline__left\"><div class=\"uagb-timeline__marker out-view-uagb-timeline__icon\"><svg xmlns=\"\" viewBox=\"0 0 256 512\"><\/svg><\/div><div class=\"uagb-timeline__day-new uagb-timeline__day-left uagb-timeline__events-inner-new\"><div class=\"uagb-timeline__events-inner--content\"><h4 class=\"uagb-timeline__heading\">1993<\/h4><p class=\"uagb-timeline-desc-content\">Zusammenarbeit mit DSK (Datenbank f\u00fcr Schweizerische Kulturg\u00fcter, Bern, Schweiz *)<\/p><div class=\"uagb-timeline__arrow\"><\/div><\/div><\/div><div class=\"uagb-timeline__date-new\"><\/div><\/article>\n\n\n\n<article class=\"wp-block-uagb-content-timeline-child uagb-timeline__field uagb-timeline-child-83330e1a uagb-timeline__left\"><div class=\"uagb-timeline__marker out-view-uagb-timeline__icon\"><svg xmlns=\"\" viewBox=\"0 0 256 512\"><\/svg><\/div><div class=\"uagb-timeline__day-new uagb-timeline__day-left uagb-timeline__events-inner-new\"><div class=\"uagb-timeline__events-inner--content\"><h4 class=\"uagb-timeline__heading\">Seit 1993<\/h4><p class=\"uagb-timeline-desc-content\">Kontinuierliche Weiterentwicklung unserer Software-L\u00f6sung \u00abInventory\u00bb, stets in enger Zusammenarbeit mit unseren Kunden<\/p><div class=\"uagb-timeline__arrow\"><\/div><\/div><\/div><div class=\"uagb-timeline__date-new\"><\/div><\/article>\n\n\n\n<article class=\"wp-block-uagb-content-timeline-child uagb-timeline__field uagb-timeline-child-b4b7b1a9 uagb-timeline__left\"><div class=\"uagb-timeline__marker out-view-uagb-timeline__icon\"><svg xmlns=\"\" viewBox=\"0 0 256 512\"><\/svg><\/div><div class=\"uagb-timeline__day-new uagb-timeline__day-left uagb-timeline__events-inner-new\"><div class=\"uagb-timeline__events-inner--content\"><h4 class=\"uagb-timeline__heading\">2016<\/h4><p class=\"uagb-timeline-desc-content\">\u00abInventory\u00bb Web-Applikation Live (Desktop- durch Web-Version ersetzt)<\/p><div class=\"uagb-timeline__arrow\"><\/div><\/div><\/div><div class=\"uagb-timeline__date-new\"><\/div><\/article>\n\n\n\n<article class=\"wp-block-uagb-content-timeline-child uagb-timeline__field uagb-timeline-child-e406a715 uagb-timeline__left\"><div class=\"uagb-timeline__marker out-view-uagb-timeline__icon\"><svg xmlns=\"\" viewBox=\"0 0 256 512\"><\/svg><\/div><div class=\"uagb-timeline__day-new uagb-timeline__day-left uagb-timeline__events-inner-new\"><div class=\"uagb-timeline__events-inner--content\"><h4 class=\"uagb-timeline__heading\">2018<\/h4><p class=\"uagb-timeline-desc-content\">Angebotserweiterung f\u00fcr Pfadfinderorganisationen: Chronik-Applikation f\u00fcr Pfadfinderabteilungen.<\/p><div class=\"uagb-timeline__arrow\"><\/div><\/div><\/div><div class=\"uagb-timeline__date-new\"><\/div><\/article>\n\n\n\n<article class=\"wp-block-uagb-content-timeline-child uagb-timeline__field uagb-timeline-child-875e3d4d uagb-timeline__left\"><div class=\"uagb-timeline__marker out-view-uagb-timeline__icon\"><svg xmlns=\"\" viewBox=\"0 0 256 512\"><\/svg><\/div><div class=\"uagb-timeline__day-new uagb-timeline__day-left uagb-timeline__events-inner-new\"><div class=\"uagb-timeline__events-inner--content\"><h4 class=\"uagb-timeline__heading\">2023<\/h4><p class=\"uagb-timeline-desc-content\">Vernissage f\u00fcr die neu entwickelte Geschichtskarten-Applikation in CH \u2013 Bergdietikon.<\/p><div class=\"uagb-timeline__arrow\"><\/div><\/div><\/div><div class=\"uagb-timeline__date-new\"><\/div><\/article>\n\n\n\n<article class=\"wp-block-uagb-content-timeline-child uagb-timeline__field uagb-timeline-child-0c80f8f1 uagb-timeline__left\"><div class=\"uagb-timeline__marker out-view-uagb-timeline__icon\"><svg xmlns=\"\" viewBox=\"0 0 256 512\"><\/svg><\/div><div class=\"uagb-timeline__day-new uagb-timeline__day-left uagb-timeline__events-inner-new\"><div class=\"uagb-timeline__events-inner--content\"><h4 class=\"uagb-timeline__heading\">2025<\/h4><p class=\"uagb-timeline-desc-content\">\u00abInventory\u00bb; komplette Neuentwicklung der Web-Applikation.<br>Kontinuierliche Weiterentwicklung unserer Applikationen.<\/p><div class=\"uagb-timeline__arrow\"><\/div><\/div><\/div><div class=\"uagb-timeline__date-new\"><\/div><\/article>\n<div class=\"uagb-timeline__line\"><div class=\"uagb-timeline__line__inner\"><\/div><\/div><\/div>\n<\/div>\n\n\n\n<div class=\"wp-block-uagb-container uagb-block-cffb3897 alignfull uagb-is-root-container\"><div class=\"uagb-container-inner-blocks-wrap\">\n<p>* Quelle: <a href=\"https:\/\/anneepolitique.swiss\/prozesse\/37090-datenbank-der-schweizerischen-kulturguter\">https:\/\/anneepolitique.swiss\/prozesse\/37090-datenbank-der-schweizerischen-kulturguter<\/a><br><br>\u00abDer Bundesrat beschloss, 1990 und 1991 die Vorbereitungsarbeiten zu einer Datenbank der schweizerischen Kulturg\u00fcter mit insgesamt 400&#8217;000 Fr. zu unterst\u00fctzen. Es geht dabei um eine Projektstudie der Schweizerischen Akademie der Geisteswissenschaften und des Verbandes der Museen der Schweiz. Diese Institutionen beabsichtigen, dem Bund auf das Jahr 1992 hin die Schaffung dieser Datenbank zu beantragen. Die aus einem Projekt des NFP 16 hervorgegangene Nationale Informationsstelle f\u00fcr Kulturg\u00fctererhaltung (Nike) wird neben der Eidgenossenschaft, dem F\u00fcrstentum Liechtenstein, acht St\u00e4dten sowie zahlreichen Privaten nun auch von allen Kantonen unterst\u00fctzt; als letzter Kanton beschloss die Waadt, j\u00e4hrliche Beitr\u00e4ge an die Nike zu entrichten.<br><br>Vermehrt will sich der Bund auch bei der Erschliessung der vielen eingelagerten mobilen Kulturg\u00fcter der Schweiz mittels einer Bilddatenbank engagieren. Im Rahmen der bundesr\u00e4tlichen Botschaft \u00fcber die F\u00f6rderung der wissenschaftlichen Forschung in den Jahren 1992 bis 1995 stimmte das Parlament der Schaffung einer Datenbank der Schweizerischen Kulturg\u00fcter (DSK) zu, f\u00fcr welche die Schweizerische Akademie der Geisteswissenschaften seit 1986 Vorarbeiten geleistet hatte. Die Institutionalisierung des Pilotprojekts, wird es erlauben, die Museen dadurch miteinander zu vernetzen, dass alle Sammlungen nach den gleichen Regeln inventarisiert werden.\u00bb<\/p>\n<\/div><\/div>\n","protected":false},"excerpt":{"rendered":"<p>Unsere Geschichte Die schweizerischen Wurzeln von \u201eCultArt\u201c reichen bis ins Jahr 1991 zur\u00fcck. Es begann mit der Entwicklung einer Inventarisierungsl\u00f6sung [&hellip;]<\/p>\n","protected":false},"author":3,"featured_media":0,"parent":0,"menu_order":0,"comment_status":"closed","ping_status":"closed","template":"","meta":{"_uag_custom_page_level_css":"","site-sidebar-layout":"default","site-content-layout":"","ast-site-content-layout":"default","site-content-style":"default","site-sidebar-style":"default","ast-global-header-display":"","ast-banner-title-visibility":"","ast-main-header-display":"","ast-hfb-above-header-display":"","ast-hfb-below-header-display":"","ast-hfb-mobile-header-display":"","site-post-title":"","ast-breadcrumbs-content":"","ast-featured-img":"","footer-sml-layout":"","theme-transparent-header-meta":"","adv-header-id-meta":"","stick-header-meta":"","header-above-stick-meta":"","header-main-stick-meta":"","header-below-stick-meta":"","astra-migrate-meta-layouts":"default","ast-page-background-enabled":"default","ast-page-background-meta":{"desktop":{"background-color":"var(--ast-global-color-4)","background-image":"","background-repeat":"repeat","background-position":"center center","background-size":"auto","background-attachment":"scroll","background-type":"","background-media":"","overlay-type":"","overlay-color":"","overlay-opacity":"","overlay-gradient":""},"tablet":{"background-color":"","background-image":"","background-repeat":"repeat","background-position":"center center","background-size":"auto","background-attachment":"scroll","background-type":"","background-media":"","overlay-type":"","overlay-color":"","overlay-opacity":"","overlay-gradient":""},"mobile":{"background-color":"","background-image":"","background-repeat":"repeat","background-position":"center center","background-size":"auto","background-attachment":"scroll","background-type":"","background-media":"","overlay-type":"","overlay-color":"","overlay-opacity":"","overlay-gradient":""}},"ast-content-background-meta":{"desktop":{"background-color":"var(--ast-global-color-5)","background-image":"","background-repeat":"repeat","background-position":"center center","background-size":"auto","background-attachment":"scroll","background-type":"","background-media":"","overlay-type":"","overlay-color":"","overlay-opacity":"","overlay-gradient":""},"tablet":{"background-color":"var(--ast-global-color-5)","background-image":"","background-repeat":"repeat","background-position":"center center","background-size":"auto","background-attachment":"scroll","background-type":"","background-media":"","overlay-type":"","overlay-color":"","overlay-opacity":"","overlay-gradient":""},"mobile":{"background-color":"var(--ast-global-color-5)","background-image":"","background-repeat":"repeat","background-position":"center center","background-size":"auto","background-attachment":"scroll","background-type":"","background-media":"","overlay-type":"","overlay-color":"","overlay-opacity":"","overlay-gradient":""}},"footnotes":""},"class_list":["post-1068","page","type-page","status-publish","hentry"],"uagb_featured_image_src":{"full":false,"thumbnail":false,"medium":false,"medium_large":false,"large":false,"1536x1536":false,"2048x2048":false},"uagb_author_info":{"display_name":"Fi Dunnington","author_link":"https:\/\/cultart.ch\/cultart\/author\/fi\/"},"uagb_comment_info":0,"uagb_excerpt":"Unsere Geschichte Die schweizerischen Wurzeln von \u201eCultArt\u201c reichen bis ins Jahr 1991 zur\u00fcck. Es begann mit der Entwicklung einer Inventarisierungsl\u00f6sung [&hellip;]","_links":{"self":[{"href":"https:\/\/cultart.ch\/cultart\/wp-json\/wp\/v2\/pages\/1068","targetHints":{"allow":["GET"]}}],"collection":[{"href":"https:\/\/cultart.ch\/cultart\/wp-json\/wp\/v2\/pages"}],"about":[{"href":"https:\/\/cultart.ch\/cultart\/wp-json\/wp\/v2\/types\/page"}],"author":[{"embeddable":true,"href":"https:\/\/cultart.ch\/cultart\/wp-json\/wp\/v2\/users\/3"}],"replies":[{"embeddable":true,"href":"https:\/\/cultart.ch\/cultart\/wp-json\/wp\/v2\/comments?post=1068"}],"version-history":[{"count":4,"href":"https:\/\/cultart.ch\/cultart\/wp-json\/wp\/v2\/pages\/1068\/revisions"}],"predecessor-version":[{"id":1158,"href":"https:\/\/cultart.ch\/cultart\/wp-json\/wp\/v2\/pages\/1068\/revisions\/1158"}],"wp:attachment":[{"href":"https:\/\/cultart.ch\/cultart\/wp-json\/wp\/v2\/media?parent=1068"}],"curies":[{"name":"wp","href":"https:\/\/api.w.org\/{rel}","templated":true}]}}